{"id":11317,"date":"2026-01-05T12:26:26","date_gmt":"2026-01-05T12:26:26","guid":{"rendered":"https:\/\/eunz.de\/?page_id=11317"},"modified":"2026-01-05T14:35:19","modified_gmt":"2026-01-05T14:35:19","slug":"impressum","status":"publish","type":"page","link":"https:\/\/eunz.de\/?page_id=11317","title":{"rendered":"Impressum"},"content":{"rendered":"\t\t<div data-elementor-type=\"wp-page\" data-elementor-id=\"11317\" class=\"elementor elementor-11317\">\n\t\t\t\t<div class=\"elementor-element elementor-element-d472b38 e-flex e-con-boxed e-con e-parent\" data-id=\"d472b38\" data-element_type=\"container\" data-e-type=\"container\">\n\t\t\t\t\t<div class=\"e-con-inner\">\n\t\t<div data-ekitparallax=\"{&quot;ekit_section_parallax_bg&quot;:&quot;yes&quot;,&quot;ekit_section_parallax_bg_speed&quot;:0.5,&quot;elementor_lazy_load&quot;:&quot;1&quot;}\" class=\"elementor-element elementor-element-3fc3ee6 e-flex e-con-boxed e-con e-child\" data-id=\"3fc3ee6\" data-element_type=\"container\" data-e-type=\"container\" data-settings=\"{&quot;background_background&quot;:&quot;classic&quot;}\">\n\t\t\t\t\t<div class=\"e-con-inner\">\n\t\t<div class=\"elementor-element elementor-element-12ec7df e-con-full e-flex e-con e-child\" data-id=\"12ec7df\" data-element_type=\"container\" data-e-type=\"container\">\n\t\t\t\t<div class=\"elementor-element elementor-element-7e4f7ca at-heading-animation at-animation-heading-style-3 elementor-widget elementor-widget-heading\" data-id=\"7e4f7ca\" data-element_type=\"widget\" data-e-type=\"widget\" data-settings=\"{&quot;ekit_we_effect_on&quot;:&quot;none&quot;}\" data-widget_type=\"heading.default\">\n\t\t\t\t\t<h1 class=\"elementor-heading-title elementor-size-default\">Impressum<\/h1>\t\t\t\t<\/div>\n\t\t\t\t<\/div>\n\t\t\t\t\t<\/div>\n\t\t\t\t<\/div>\n\t\t\t\t\t<\/div>\n\t\t\t\t<\/div>\n\t\t<div class=\"elementor-element elementor-element-36f2ac8 e-flex e-con-boxed e-con e-parent\" data-id=\"36f2ac8\" data-element_type=\"container\" data-e-type=\"container\">\n\t\t\t\t\t<div class=\"e-con-inner\">\n\t\t\t\t<div class=\"elementor-element elementor-element-315f83e at-heading-animation at-animation-heading-none elementor-widget elementor-widget-heading\" data-id=\"315f83e\" data-element_type=\"widget\" data-e-type=\"widget\" data-settings=\"{&quot;ekit_we_effect_on&quot;:&quot;none&quot;}\" data-widget_type=\"heading.default\">\n\t\t\t\t\t<h2 class=\"elementor-heading-title elementor-size-default\">Impressum<\/h2>\t\t\t\t<\/div>\n\t\t\t\t<div class=\"elementor-element elementor-element-e880f73 elementor-widget elementor-widget-text-editor\" data-id=\"e880f73\" data-element_type=\"widget\" data-e-type=\"widget\" data-settings=\"{&quot;ekit_we_effect_on&quot;:&quot;none&quot;}\" data-widget_type=\"text-editor.default\">\n\t\t\t\t\t\t\t\t\t<h2 data-start=\"257\" data-end=\"269\">Angaben gem\u00e4\u00df \u00a7 5 TMG<\/h2><p data-start=\"298\" data-end=\"408\"><strong data-start=\"298\" data-end=\"337\">Euskirchener Narrenzunft 1949 e. V.<\/strong><br data-start=\"337\" data-end=\"340\" \/>Pr\u00e4sident: Hans Josef Schneider<br data-start=\"371\" data-end=\"374\" \/>Postfach 1241<br data-start=\"387\" data-end=\"390\" \/>53862 Euskirchen<\/p><hr data-start=\"410\" data-end=\"413\" \/><h3 data-start=\"415\" data-end=\"434\">Vereinsregister<\/h3><p data-start=\"436\" data-end=\"519\">Eingetragen im Vereinsregister<br data-start=\"466\" data-end=\"469\" \/>Registergericht: Bonn<br data-start=\"490\" data-end=\"493\" \/>Registernummer: VR 10202<\/p><hr data-start=\"521\" data-end=\"524\" \/><h3 data-start=\"526\" data-end=\"537\">Kontakt<\/h3><p data-start=\"539\" data-end=\"595\">E-Mail: <a class=\"decorated-link cursor-pointer\" rel=\"noopener\" data-start=\"547\" data-end=\"563\">vorstand@eunz.de<\/a><br data-start=\"563\" data-end=\"566\" \/>Website: <a class=\"decorated-link\" href=\"https:\/\/www.eunz.de\/\" target=\"_new\" rel=\"noopener\" data-start=\"575\" data-end=\"595\">https:\/\/www.eunz.de\/<\/a><\/p><hr data-start=\"597\" data-end=\"600\" \/><h3 data-start=\"602\" data-end=\"625\">Haftung f\u00fcr Inhalte<\/h3><p data-start=\"627\" data-end=\"878\">Als Diensteanbieter sind wir gem\u00e4\u00df \u00a7 7 Abs. 1 TMG f\u00fcr eigene Inhalte auf diesen Seiten nach den allgemeinen Gesetzen verantwortlich.<br data-start=\"759\" data-end=\"762\" \/>Wir \u00fcbernehmen jedoch keine Gew\u00e4hr f\u00fcr die Aktualit\u00e4t, Richtigkeit und Vollst\u00e4ndigkeit der bereitgestellten Inhalte.<\/p><p data-start=\"880\" data-end=\"1259\">Haftungsanspr\u00fcche gegen die Euskirchener Narrenzunft 1949 e. V., welche sich auf Sch\u00e4den materieller oder immaterieller Art beziehen, die durch die Nutzung oder Nichtnutzung der dargebotenen Informationen oder durch fehlerhafte bzw. unvollst\u00e4ndige Inhalte verursacht wurden, sind ausgeschlossen, sofern kein nachweislich vors\u00e4tzliches oder grob fahrl\u00e4ssiges Verschulden vorliegt.<\/p><hr data-start=\"1261\" data-end=\"1264\" \/><h3 data-start=\"1266\" data-end=\"1287\">Haftung f\u00fcr Links<\/h3><p data-start=\"1289\" data-end=\"1582\">Unsere Website enth\u00e4lt Links zu externen Websites Dritter, auf deren Inhalte wir keinen Einfluss haben.<br data-start=\"1392\" data-end=\"1395\" \/>Deshalb k\u00f6nnen wir f\u00fcr diese fremden Inhalte auch keine Gew\u00e4hr \u00fcbernehmen. F\u00fcr die Inhalte der verlinkten Seiten ist stets der jeweilige Anbieter oder Betreiber der Seiten verantwortlich.<\/p><p data-start=\"1584\" data-end=\"1881\">Zum Zeitpunkt der Verlinkung wurden die externen Seiten auf m\u00f6gliche Rechtsverst\u00f6\u00dfe \u00fcberpr\u00fcft. Rechtswidrige Inhalte waren zu diesem Zeitpunkt nicht erkennbar. Eine permanente inhaltliche Kontrolle der verlinkten Seiten ist jedoch ohne konkrete Anhaltspunkte einer Rechtsverletzung nicht zumutbar.<\/p><hr data-start=\"1883\" data-end=\"1886\" \/><h3 data-start=\"1888\" data-end=\"1904\">Urheberrecht<\/h3><p data-start=\"1906\" data-end=\"2094\">Die durch die Euskirchener Narrenzunft 1949 e. V. erstellten Inhalte und Werke auf dieser Website unterliegen dem deutschen Urheberrecht.<br data-start=\"2043\" data-end=\"2046\" \/>Beitr\u00e4ge Dritter sind als solche gekennzeichnet.<\/p><p data-start=\"2096\" data-end=\"2281\">Die Vervielf\u00e4ltigung, Bearbeitung, Verbreitung oder sonstige Verwertung au\u00dferhalb der Grenzen des Urheberrechts bed\u00fcrfen der vorherigen schriftlichen Zustimmung des jeweiligen Urhebers.<\/p><hr data-start=\"2283\" data-end=\"2286\" \/><h3 data-start=\"2288\" data-end=\"2322\">Hinweis bei Rechtsverletzungen<\/h3><p data-start=\"2324\" data-end=\"2521\">Sollten Sie auf eine m\u00f6gliche Rechtsverletzung aufmerksam werden, bitten wir um einen entsprechenden Hinweis per E-Mail.<br data-start=\"2444\" data-end=\"2447\" \/>Wir werden entsprechende Inhalte bei Bekanntwerden unverz\u00fcglich entfernen.<\/p><hr data-start=\"2523\" data-end=\"2526\" \/><p data-start=\"2528\" data-end=\"2570\">\u00a9 2026 Euskirchener Narrenzunft 1949 e. V.<\/p>\t\t\t\t\t\t\t\t<\/div>\n\t\t\t\t\t<\/div>\n\t\t\t\t<\/div>\n\t\t\t\t<\/div>\n\t\t","protected":false},"excerpt":{"rendered":"<p>Impressum Impressum Angaben gem\u00e4\u00df \u00a7 5 TMG Euskirchener Narrenzunft 1949 e. V.Pr\u00e4sident: [&hellip;]<\/p>\n","protected":false},"author":1,"featured_media":0,"parent":0,"menu_order":0,"comment_status":"closed","ping_status":"closed","template":"elementor_header_footer","meta":{"footnotes":""},"class_list":["post-11317","page","type-page","status-publish","hentry"],"_links":{"self":[{"href":"https:\/\/eunz.de\/index.php?rest_route=\/wp\/v2\/pages\/11317","targetHints":{"allow":["GET"]}}],"collection":[{"href":"https:\/\/eunz.de\/index.php?rest_route=\/wp\/v2\/pages"}],"about":[{"href":"https:\/\/eunz.de\/index.php?rest_route=\/wp\/v2\/types\/page"}],"author":[{"embeddable":true,"href":"https:\/\/eunz.de\/index.php?rest_route=\/wp\/v2\/users\/1"}],"replies":[{"embeddable":true,"href":"https:\/\/eunz.de\/index.php?rest_route=%2Fwp%2Fv2%2Fcomments&post=11317"}],"version-history":[{"count":7,"href":"https:\/\/eunz.de\/index.php?rest_route=\/wp\/v2\/pages\/11317\/revisions"}],"predecessor-version":[{"id":11461,"href":"https:\/\/eunz.de\/index.php?rest_route=\/wp\/v2\/pages\/11317\/revisions\/11461"}],"wp:attachment":[{"href":"https:\/\/eunz.de\/index.php?rest_route=%2Fwp%2Fv2%2Fmedia&parent=11317"}],"curies":[{"name":"wp","href":"https:\/\/api.w.org\/{rel}","templated":true}]}}