{"id":11318,"date":"2026-01-05T12:39:05","date_gmt":"2026-01-05T12:39:05","guid":{"rendered":"https:\/\/eunz.de\/?page_id=11318"},"modified":"2026-01-05T14:32:56","modified_gmt":"2026-01-05T14:32:56","slug":"datenschutz","status":"publish","type":"page","link":"https:\/\/eunz.de\/?page_id=11318","title":{"rendered":"Datenschutz"},"content":{"rendered":"\t\t<div data-elementor-type=\"wp-page\" data-elementor-id=\"11318\" class=\"elementor elementor-11318\">\n\t\t\t\t<div class=\"elementor-element elementor-element-d472b38 e-flex e-con-boxed e-con e-parent\" data-id=\"d472b38\" data-element_type=\"container\" data-e-type=\"container\">\n\t\t\t\t\t<div class=\"e-con-inner\">\n\t\t<div data-ekitparallax=\"{&quot;ekit_section_parallax_bg&quot;:&quot;yes&quot;,&quot;ekit_section_parallax_bg_speed&quot;:0.5,&quot;elementor_lazy_load&quot;:&quot;1&quot;}\" class=\"elementor-element elementor-element-3fc3ee6 e-flex e-con-boxed e-con e-child\" data-id=\"3fc3ee6\" data-element_type=\"container\" data-e-type=\"container\" data-settings=\"{&quot;background_background&quot;:&quot;classic&quot;}\">\n\t\t\t\t\t<div class=\"e-con-inner\">\n\t\t<div class=\"elementor-element elementor-element-12ec7df e-con-full e-flex e-con e-child\" data-id=\"12ec7df\" data-element_type=\"container\" data-e-type=\"container\">\n\t\t\t\t<div class=\"elementor-element elementor-element-7e4f7ca at-heading-animation at-animation-heading-style-3 elementor-widget elementor-widget-heading\" data-id=\"7e4f7ca\" data-element_type=\"widget\" data-e-type=\"widget\" data-settings=\"{&quot;ekit_we_effect_on&quot;:&quot;none&quot;}\" data-widget_type=\"heading.default\">\n\t\t\t\t\t<h1 class=\"elementor-heading-title elementor-size-default\">Datenschutz<\/h1>\t\t\t\t<\/div>\n\t\t\t\t<\/div>\n\t\t\t\t\t<\/div>\n\t\t\t\t<\/div>\n\t\t\t\t\t<\/div>\n\t\t\t\t<\/div>\n\t\t<div class=\"elementor-element elementor-element-aeeb435 e-flex e-con-boxed e-con e-parent\" data-id=\"aeeb435\" data-element_type=\"container\" data-e-type=\"container\">\n\t\t\t\t\t<div class=\"e-con-inner\">\n\t\t\t\t<div class=\"elementor-element elementor-element-48c111b elementor-widget elementor-widget-text-editor\" data-id=\"48c111b\" data-element_type=\"widget\" data-e-type=\"widget\" data-settings=\"{&quot;ekit_we_effect_on&quot;:&quot;none&quot;}\" data-widget_type=\"text-editor.default\">\n\t\t\t\t\t\t\t\t\t<h3 data-start=\"627\" data-end=\"651\">Datenschutzerkl\u00e4rung<\/h3><p data-start=\"653\" data-end=\"833\">Der Schutz Ihrer personenbezogenen Daten ist uns wichtig. Nachfolgend informieren wir Sie dar\u00fcber, welche Daten wir erheben, wie wir sie verwenden und welche Rechte Ihnen zustehen.<\/p><hr data-start=\"835\" data-end=\"838\" \/><h3 data-start=\"840\" data-end=\"863\">1. Verantwortlicher<\/h3><p data-start=\"865\" data-end=\"941\"><strong data-start=\"865\" data-end=\"904\">Euskirchener Narrenzunft 1949 e. V.<\/strong><br data-start=\"904\" data-end=\"907\" \/>Postfach 1241<br data-start=\"920\" data-end=\"923\" \/>53862 Euskirchen<\/p><p data-start=\"943\" data-end=\"1033\">E-Mail: <a class=\"decorated-link cursor-pointer\" rel=\"noopener\" data-start=\"951\" data-end=\"967\">vorstand@eunz.de<\/a><br data-start=\"967\" data-end=\"970\" \/>Pr\u00e4sident: Hans Josef Schneider<br data-start=\"1001\" data-end=\"1004\" \/>Website: <a class=\"decorated-link\" href=\"https:\/\/www.eunz.de\/\" target=\"_new\" rel=\"noopener\" data-start=\"1013\" data-end=\"1033\">https:\/\/www.eunz.de\/<\/a><\/p><hr data-start=\"1035\" data-end=\"1038\" \/><h3 data-start=\"1040\" data-end=\"1096\">2. Erhebung und Verarbeitung personenbezogener Daten<\/h3><p data-start=\"1098\" data-end=\"1232\">Wir verarbeiten personenbezogene Daten nur, soweit dies erforderlich ist. Dabei k\u00f6nnen insbesondere folgende Daten verarbeitet werden:<\/p><ul data-start=\"1234\" data-end=\"1481\"><li data-start=\"1234\" data-end=\"1296\"><p data-start=\"1236\" data-end=\"1296\"><strong data-start=\"1236\" data-end=\"1252\">Kontaktdaten<\/strong> (z. B. Name, E-Mail-Adresse, Telefonnummer)<\/p><\/li><li data-start=\"1297\" data-end=\"1356\"><p data-start=\"1299\" data-end=\"1356\"><strong data-start=\"1299\" data-end=\"1316\">Nutzungsdaten<\/strong> (z. B. besuchte Seiten, Zugriffszeiten)<\/p><\/li><li data-start=\"1357\" data-end=\"1405\"><p data-start=\"1359\" data-end=\"1405\"><strong data-start=\"1359\" data-end=\"1375\">Inhaltsdaten<\/strong> (z. B. Texte, Bilder, Videos)<\/p><\/li><li data-start=\"1406\" data-end=\"1481\"><p data-start=\"1408\" data-end=\"1481\"><strong data-start=\"1408\" data-end=\"1441\">Meta- und Kommunikationsdaten<\/strong> (z. B. IP-Adresse, Ger\u00e4teinformationen)<\/p><\/li><\/ul><hr data-start=\"1483\" data-end=\"1486\" \/><h3 data-start=\"1488\" data-end=\"1523\">3. Zwecke der Datenverarbeitung<\/h3><p data-start=\"1525\" data-end=\"1571\">Die Verarbeitung erfolgt zu folgenden Zwecken:<\/p><ul data-start=\"1573\" data-end=\"1779\"><li data-start=\"1573\" data-end=\"1631\"><p data-start=\"1575\" data-end=\"1631\">Bereitstellung und Optimierung unseres Onlineangebotes<\/p><\/li><li data-start=\"1632\" data-end=\"1679\"><p data-start=\"1634\" data-end=\"1679\">Beantwortung von Anfragen und Kommunikation<\/p><\/li><li data-start=\"1680\" data-end=\"1721\"><p data-start=\"1682\" data-end=\"1721\">Sicherheit und Stabilit\u00e4t der Website<\/p><\/li><li data-start=\"1722\" data-end=\"1779\"><p data-start=\"1724\" data-end=\"1779\">\u00d6ffentlichkeitsarbeit und Darstellung unseres Vereins<\/p><\/li><\/ul><hr data-start=\"1781\" data-end=\"1784\" \/><h3 data-start=\"1786\" data-end=\"1809\">4. Rechtsgrundlagen<\/h3><p data-start=\"1811\" data-end=\"1886\">Die Verarbeitung Ihrer Daten erfolgt auf Grundlage der DSGVO, insbesondere:<\/p><ul data-start=\"1888\" data-end=\"2132\"><li data-start=\"1888\" data-end=\"1937\"><p data-start=\"1890\" data-end=\"1937\"><strong data-start=\"1890\" data-end=\"1920\">Art. 6 Abs. 1 lit. a DSGVO<\/strong> \u2013 Einwilligung<\/p><\/li><li data-start=\"1938\" data-end=\"2010\"><p data-start=\"1940\" data-end=\"2010\"><strong data-start=\"1940\" data-end=\"1970\">Art. 6 Abs. 1 lit. b DSGVO<\/strong> \u2013 Vertrag \/ vorvertragliche Ma\u00dfnahmen<\/p><\/li><li data-start=\"2011\" data-end=\"2072\"><p data-start=\"2013\" data-end=\"2072\"><strong data-start=\"2013\" data-end=\"2043\">Art. 6 Abs. 1 lit. c DSGVO<\/strong> \u2013 rechtliche Verpflichtung<\/p><\/li><li data-start=\"2073\" data-end=\"2132\"><p data-start=\"2075\" data-end=\"2132\"><strong data-start=\"2075\" data-end=\"2105\">Art. 6 Abs. 1 lit. f DSGVO<\/strong> \u2013 berechtigtes Interesse<\/p><\/li><\/ul><hr data-start=\"2134\" data-end=\"2137\" \/><h3 data-start=\"2139\" data-end=\"2153\">5. Cookies<\/h3><p data-start=\"2155\" data-end=\"2262\">Unsere Website verwendet Cookies. Diese dienen der technischen Funktionalit\u00e4t und der Nutzerfreundlichkeit.<\/p><p data-start=\"2264\" data-end=\"2459\">Sie k\u00f6nnen die Speicherung von Cookies \u00fcber die Einstellungen Ihres Browsers einschr\u00e4nken oder verhindern. Bitte beachten Sie, dass dadurch die Funktionalit\u00e4t der Website eingeschr\u00e4nkt sein kann.<\/p><hr data-start=\"2461\" data-end=\"2464\" \/><h3 data-start=\"2466\" data-end=\"2488\">6. Kontaktaufnahme<\/h3><p data-start=\"2490\" data-end=\"2700\">Wenn Sie uns per E-Mail, Kontaktformular oder \u00fcber soziale Medien kontaktieren, verarbeiten wir Ihre Angaben zur Bearbeitung der Anfrage.<br data-start=\"2627\" data-end=\"2630\" \/>Die Verarbeitung erfolgt gem\u00e4\u00df Art. 6 Abs. 1 lit. b oder lit. f DSGVO.<\/p><hr data-start=\"2702\" data-end=\"2705\" \/><h3 data-start=\"2707\" data-end=\"2744\">7. Social Media &amp; externe Inhalte<\/h3><p data-start=\"2746\" data-end=\"2920\">Wir unterhalten Onlinepr\u00e4senzen in sozialen Netzwerken (z. B. Facebook, Instagram). Beim Besuch dieser Plattformen gelten die Datenschutzbestimmungen der jeweiligen Anbieter.<\/p><p data-start=\"2922\" data-end=\"3085\">Dabei kann es zur Verarbeitung personenbezogener Daten au\u00dferhalb der EU kommen. Die Anbieter sind verpflichtet, ein angemessenes Datenschutzniveau sicherzustellen.<\/p><hr data-start=\"3087\" data-end=\"3090\" \/><h3 data-start=\"3092\" data-end=\"3108\">8. Instagram<\/h3><p data-start=\"3110\" data-end=\"3248\">Auf unserer Website k\u00f6nnen Inhalte von Instagram eingebunden sein (z. B. Beitr\u00e4ge oder Feeds).<br data-start=\"3204\" data-end=\"3207\" \/>Anbieter: <strong data-start=\"3217\" data-end=\"3248\">Meta Platforms Ireland Ltd.<\/strong><\/p><p data-start=\"3250\" data-end=\"3440\">Beim Aufruf k\u00f6nnen personenbezogene Daten an Instagram \u00fcbertragen werden.<br data-start=\"3323\" data-end=\"3326\" \/>Weitere Informationen finden Sie in der Datenschutzerkl\u00e4rung von Instagram:<br data-start=\"3401\" data-end=\"3404\" \/><a class=\"decorated-link\" href=\"https:\/\/privacycenter.instagram.com\/\" target=\"_new\" rel=\"noopener\" data-start=\"3404\" data-end=\"3440\">https:\/\/privacycenter.instagram.com\/<\/a><\/p><hr data-start=\"3442\" data-end=\"3445\" \/><h3 data-start=\"3447\" data-end=\"3465\">9. Ihre Rechte<\/h3><p data-start=\"3467\" data-end=\"3491\">Sie haben das Recht auf:<\/p><ul data-start=\"3493\" data-end=\"3788\"><li data-start=\"3493\" data-end=\"3521\"><p data-start=\"3495\" data-end=\"3521\">Auskunft (Art. 15 DSGVO)<\/p><\/li><li data-start=\"3522\" data-end=\"3554\"><p data-start=\"3524\" data-end=\"3554\">Berichtigung (Art. 16 DSGVO)<\/p><\/li><li data-start=\"3555\" data-end=\"3583\"><p data-start=\"3557\" data-end=\"3583\">L\u00f6schung (Art. 17 DSGVO)<\/p><\/li><li data-start=\"3584\" data-end=\"3634\"><p data-start=\"3586\" data-end=\"3634\">Einschr\u00e4nkung der Verarbeitung (Art. 18 DSGVO)<\/p><\/li><li data-start=\"3635\" data-end=\"3675\"><p data-start=\"3637\" data-end=\"3675\">Daten\u00fcbertragbarkeit (Art. 20 DSGVO)<\/p><\/li><li data-start=\"3676\" data-end=\"3730\"><p data-start=\"3678\" data-end=\"3730\">Widerspruch gegen die Verarbeitung (Art. 21 DSGVO)<\/p><\/li><li data-start=\"3731\" data-end=\"3788\"><p data-start=\"3733\" data-end=\"3788\">Widerruf erteilter Einwilligungen (Art. 7 Abs. 3 DSGVO)<\/p><\/li><\/ul><p data-start=\"3790\" data-end=\"3874\">Zudem haben Sie das Recht, sich bei einer Datenschutzaufsichtsbeh\u00f6rde zu beschweren.<\/p><hr data-start=\"3876\" data-end=\"3879\" \/><h3 data-start=\"3881\" data-end=\"3902\">10. Speicherdauer<\/h3><p data-start=\"3904\" data-end=\"4068\">Personenbezogene Daten werden gel\u00f6scht, sobald sie f\u00fcr die genannten Zwecke nicht mehr erforderlich sind, sofern keine gesetzlichen Aufbewahrungspflichten bestehen.<\/p><hr data-start=\"4070\" data-end=\"4073\" \/><h3 data-start=\"4075\" data-end=\"4098\">11. Datensicherheit<\/h3><p data-start=\"4100\" data-end=\"4231\">Wir treffen technische und organisatorische Ma\u00dfnahmen, um Ihre Daten vor Verlust, Manipulation oder unbefugtem Zugriff zu sch\u00fctzen.<\/p>\t\t\t\t\t\t\t\t<\/div>\n\t\t\t\t\t<\/div>\n\t\t\t\t<\/div>\n\t\t\t\t<\/div>\n\t\t","protected":false},"excerpt":{"rendered":"<p>Datenschutz Datenschutzerkl\u00e4rung Der Schutz Ihrer personenbezogenen Daten ist uns wichtig. Nachfolgend informieren [&hellip;]<\/p>\n","protected":false},"author":1,"featured_media":0,"parent":0,"menu_order":0,"comment_status":"closed","ping_status":"closed","template":"elementor_header_footer","meta":{"footnotes":""},"class_list":["post-11318","page","type-page","status-publish","hentry"],"_links":{"self":[{"href":"https:\/\/eunz.de\/index.php?rest_route=\/wp\/v2\/pages\/11318","targetHints":{"allow":["GET"]}}],"collection":[{"href":"https:\/\/eunz.de\/index.php?rest_route=\/wp\/v2\/pages"}],"about":[{"href":"https:\/\/eunz.de\/index.php?rest_route=\/wp\/v2\/types\/page"}],"author":[{"embeddable":true,"href":"https:\/\/eunz.de\/index.php?rest_route=\/wp\/v2\/users\/1"}],"replies":[{"embeddable":true,"href":"https:\/\/eunz.de\/index.php?rest_route=%2Fwp%2Fv2%2Fcomments&post=11318"}],"version-history":[{"count":7,"href":"https:\/\/eunz.de\/index.php?rest_route=\/wp\/v2\/pages\/11318\/revisions"}],"predecessor-version":[{"id":11458,"href":"https:\/\/eunz.de\/index.php?rest_route=\/wp\/v2\/pages\/11318\/revisions\/11458"}],"wp:attachment":[{"href":"https:\/\/eunz.de\/index.php?rest_route=%2Fwp%2Fv2%2Fmedia&parent=11318"}],"curies":[{"name":"wp","href":"https:\/\/api.w.org\/{rel}","templated":true}]}}