{"id":11542,"date":"2026-01-06T11:04:58","date_gmt":"2026-01-06T11:04:58","guid":{"rendered":"https:\/\/eunz.de\/?page_id=11542"},"modified":"2026-01-30T12:08:03","modified_gmt":"2026-01-30T11:08:03","slug":"historie","status":"publish","type":"page","link":"https:\/\/eunz.de\/?page_id=11542","title":{"rendered":"Historie"},"content":{"rendered":"\t\t<div data-elementor-type=\"wp-page\" data-elementor-id=\"11542\" class=\"elementor elementor-11542\">\n\t\t\t\t<div class=\"elementor-element elementor-element-abd2bb7 e-flex e-con-boxed e-con e-parent\" data-id=\"abd2bb7\" data-element_type=\"container\" data-e-type=\"container\">\n\t\t\t\t\t<div class=\"e-con-inner\">\n\t\t<div data-ekitparallax=\"{&quot;ekit_section_parallax_bg&quot;:&quot;yes&quot;,&quot;ekit_section_parallax_bg_speed&quot;:0.5,&quot;elementor_lazy_load&quot;:&quot;1&quot;}\" class=\"elementor-element elementor-element-7ee3677 e-flex e-con-boxed e-con e-child\" data-id=\"7ee3677\" data-element_type=\"container\" data-e-type=\"container\" data-settings=\"{&quot;background_background&quot;:&quot;classic&quot;}\">\n\t\t\t\t\t<div class=\"e-con-inner\">\n\t\t<div class=\"elementor-element elementor-element-35479dc e-con-full e-flex e-con e-child\" data-id=\"35479dc\" data-element_type=\"container\" data-e-type=\"container\">\n\t\t\t\t<div class=\"elementor-element elementor-element-4bb51a0 at-heading-animation at-animation-heading-style-3 elementor-widget elementor-widget-heading\" data-id=\"4bb51a0\" data-element_type=\"widget\" data-e-type=\"widget\" data-settings=\"{&quot;ekit_we_effect_on&quot;:&quot;none&quot;}\" data-widget_type=\"heading.default\">\n\t\t\t\t\t<h1 class=\"elementor-heading-title elementor-size-default\">Historie<\/h1>\t\t\t\t<\/div>\n\t\t\t\t<\/div>\n\t\t\t\t\t<\/div>\n\t\t\t\t<\/div>\n\t\t\t\t\t<\/div>\n\t\t\t\t<\/div>\n\t\t<div class=\"elementor-element elementor-element-37e9199 e-flex e-con-boxed e-con e-parent\" data-id=\"37e9199\" data-element_type=\"container\" data-e-type=\"container\">\n\t\t\t\t\t<div class=\"e-con-inner\">\n\t\t<div class=\"elementor-element elementor-element-ef35132 e-flex e-con-boxed e-con e-child\" data-id=\"ef35132\" data-element_type=\"container\" data-e-type=\"container\" data-settings=\"{&quot;background_background&quot;:&quot;classic&quot;}\">\n\t\t\t\t\t<div class=\"e-con-inner\">\n\t\t<div class=\"elementor-element elementor-element-ac46a9f e-con-full e-flex e-con e-child\" data-id=\"ac46a9f\" data-element_type=\"container\" data-e-type=\"container\" data-settings=\"{&quot;background_background&quot;:&quot;classic&quot;}\">\n\t\t\t\t<div class=\"elementor-element elementor-element-4b657c3 at-heading-animation at-animation-heading-none elementor-widget elementor-widget-elementskit-heading\" data-id=\"4b657c3\" data-element_type=\"widget\" data-e-type=\"widget\" data-settings=\"{&quot;ekit_we_effect_on&quot;:&quot;none&quot;}\" data-widget_type=\"elementskit-heading.default\">\n\t\t\t\t\t<div class=\"ekit-wid-con\" ><div class=\"ekit-heading elementskit-section-title-wraper text_left   ekit_heading_tablet-   ekit_heading_mobile-\"><h2 class=\"ekit-heading--title elementskit-section-title \">Unsere <span><span>Geschichte<\/span><\/span><\/h2><\/div><\/div>\t\t\t\t<\/div>\n\t\t\t\t<div class=\"elementor-element elementor-element-0ef8641 elementor-widget elementor-widget-text-editor\" data-id=\"0ef8641\" data-element_type=\"widget\" data-e-type=\"widget\" data-settings=\"{&quot;ekit_we_effect_on&quot;:&quot;none&quot;}\" data-widget_type=\"text-editor.default\">\n\t\t\t\t\t\t\t\t\t<p>Die Euskirchener Narrenzunft wurde 1949 gegr\u00fcndet und ist eine der vier gro\u00dfen Karnevalsgesellschaften der Kernstadt Euskirchen.<\/p><p>Am 6.12.1949 beschlossen 30 Euskirchener B\u00fcrger in der damaligen Gastst\u00e4tte \u201eZur Eule\u201c eine Karnevalsgesellschaft ins Leben zu rufen, die den Namen Narrenzunft tragen sollte.<br \/>Mit diesem Namen erinnert man wohl an eine Narrenzunft die es in Euskirchen bereits in den Jahren 1911 \u2013 1914 gegeben hatte. \u2013 Um sich jedoch von dieser zu unterscheiden, f\u00fcgte man dem Namen noch das Gr\u00fcndungsjahr 1949 bei.<\/p><p>Seit dem Eintrag in das Vereinsregister beim Amtsgericht Euskirchen im Jahre 1951 f\u00fchrt die Gesellschaft den Namen: \u201e Euskirchener Narrenzunft 1949 e.V.\u201c<\/p><p>Zum Vorsitzenden der neuen Karnevalsgesellschaft, den Begriff Pr\u00e4sidenten f\u00fchrte man erst sp\u00e4ter ein, w\u00e4hlte man den bekannten Gesch\u00e4ftsmann Otto Brandt.<\/p><p>Als Vereinsfarben w\u00e4hlte man damals die Stadtfarben der Stadt Euskirchen, Rot und Gold,<\/p><p>Die Euskirchener Narrenzunft trat mit einer Sitzung am 11.11.1949 erstmalig \u00f6ffentlich in Erscheinung.<\/p><p>Schon 1951 konnte sie ihr erstes Tanzcorps, die \u201eN\u00e4rrischen Zunftm\u00e4dchen\u201c, vorstellen und die Einweihung eines \u201eBanners\u201c bekannt geben. Mit dem Banner war die Fahne gemeint, die das Wappen der Euskirchener Narrenzunft tr\u00e4gt.<\/p><p>Das Wappen ist in den Stadt- und Vereinsfarben Rot und Gold gehalten und zeigt Narrenpritsche, Narrenzepter und Schellenm\u00fctze vor dem Hintergrund des alten Euskirchener Rathausturms.<\/p><p>Das Wappen, sowie auch sp\u00e4ter die Uniform der Ehrengarde, wurden von Konrad Schaefer, einem bekannten Graphiker und K\u00fcnstler aus Bad M\u00fcnstereifel, entworfen.<\/p><p>Bereits 1952 bot die Euskirchener Narrenzunft ihrem Publikum schon drei Veranstaltungen,<br \/>eine gro\u00dfe Prunksitzung mit Prinzenproklamation, die zun\u00e4chst j\u00e4hrlich, sp\u00e4ter nur noch alle vier Jahre durchgef\u00fchrt wurde.<\/p><p>Sowie, zum ersten Mal nach dem Kriegsende, den von der Euskirchener Narrenzunft federf\u00fchrend organisierten Rosenmontagszug.<\/p><p>Dieser stand unter dem Motto: \u201e650 Jahre Stadt Euskirchen\u201c. Au\u00dferdem fand die Premiere des Karnevalsausklangs am Karnevalsdienstag statt. Der Karnevalsausklang, heutzutage vom Festausschu\u00df Euskirchener Karneval und allen vier Karnevalsgesellschaften der Kernstadt durchgef\u00fchrt, hat sich zur echten Traditionsveranstaltung entwickelt.<\/p><p>Am 18. Oktober 1954 wurde, ebenfalls in der Gastst\u00e4tte \u201eZur Eule\u201c, die Ehrengarde der Euskirchener Narrenzunft gegr\u00fcndet.<\/p><p>Damals wurde Matthias (Bob) Schoenen zum ersten Kommandanten der Ehrengarde ernannt.<br \/>Ein halbes Jahr sp\u00e4ter, im Januar 1955, zog die Ehrengarde zu einem eigens von Franz Sievernich komponierten Marsch beim neuen Fest in Rot und Gold ein und pr\u00e4sentierte sich zum ersten mal der \u00d6ffentlichkeit.\u00a0<a href=\"http:\/\/narrenzunft.eu\/musik\/EG-Einmarsch.mp3\" target=\"_blank\" rel=\"noopener\">\u201eMit Oeskerche Alaaf\u201d<\/a>, zieht die Ehrengarde heute ein\u2026\u201c ist seitdem das akustische Erkennungszeichen der Ehrengarde und des gesamten Vereins.<br \/>Das Fest in Rot und Gold war lange Jahre ein fester Bestandteil des Euskirchener Karnevals, bevor es aus Kostengr\u00fcnden leider aufgegeben werden musste. Ein Jahr sp\u00e4ter, 1956, wurde auf Initiative von Helmut Wiesbaum, Leiter und Tanzoffizier der Garde, das erste Atelierfest veranstaltet.<\/p><p>Zun\u00e4chst als reine Ehrengarde Veranstaltung durchgef\u00fchrt, wurde das Interesse an dieser Veranstaltung zunehmend gr\u00f6\u00dfer und sie wurde zu einer sehr gut besuchten Veranstaltung der Euskirchener Narrenzunft.<\/p><p>Anfang der Sechziger Jahre wurde in der Euskirchener Narrenzunft der Senat ins Leben gerufen. Dem Senat geh\u00f6rten verdiente Narrenz\u00fcnftler an die nicht mehr aktiv am Karnevalsgeschehen teilnehmen wollten oder konnten.<\/p><p>Die zun\u00e4chst lockere Vereinigung wurde gestrafft, als Ferdi Wichterich 1969 zum ersten Senatspr\u00e4sidenten gew\u00e4hlt wurde.<\/p><p>Zun\u00e4chst beim Fest in Rot und Gold, sp\u00e4ter beim heute j\u00e4hrlich stattfindenden Senatsempfang wurde der 1963 von Ferdi Wichterich gestiftete \u201eLichterorden\u201c verliehen. Der Lichterorden ist eine seltene und deshalb umso begehrtere Auszeichnung, die verdienten Karnevalisten verliehen wird.<\/p><p>Bei der seit 1966 stattfindenden Kindersitzung (heute Kinderparty) wurde ab 1973 anstelle eines Kinderprinzen der \u201eK\u00fcfer von Euskirchen\u201c proklamiert. Der echte K\u00fcfer von Euskirchen war eine im 14. Jahrhundert eng mit der Geschichte der Stadt Euskirchen verbundene Figur.<\/p><p>Zu einer der meistbesuchtesten Veranstaltungen im Euskirchener Karneval entwickelte sich der ab 1973 von der Narrenzunft ins Leben gerufene Weiberfastnachtsball \u201eBall auf Burg Narreneck\u201c. Auf diesem Ball wird der jeweils amtierende Karnevalsprinz der Stadt Euskirchen innerhalb einer burgartigen Dekoration zum \u201eRitter von und zu Narreneck\u201c geschlagen.<\/p><p>Etliche Mitglieder der Euskirchener Narrenzunft hatten ihren Kindern Ehrengarde Uniformen im Miniformat anfertigen lassen. Stolz liefen die Kleinen damit bei diversen Umz\u00fcgen mit und bev\u00f6lkerten so uniformiert die Kindersitzung.<\/p><p>Als sich der uniformierte Nachwuchs in der Narrenzunft mehrte, lag der Gedanke nicht fern, sich in einer Formation zusammen zu schlie\u00dfen. Man gr\u00fcndete das Kindercorps. Nachdem sich immer mehr Kinder f\u00fcr eine Mitgliedschaft im Kindercorps interessierten, wurde es aufgeteilt in das Kindercorps f\u00fcr ganz junge Mitglieder und das Kadettencorps f\u00fcr die etwas \u00c4lteren.<\/p><p>Die Formationen bestehen heute noch \u2013 wenn auch in ge\u00e4nderter Form als Showtanzformationen- und bereiten in diversen S\u00e4len den Zuschauern immer<br \/>wieder viel Freude!<\/p><p>In den 80er Jahren \u00fcberreichen Pr\u00e4sident und Vizepr\u00e4sident den diensthabenden Soldaten in der Euskirchener Generalmajor-Freiherr-von-Gersdorf-Kaserne regelm\u00e4\u00dfig Weihnachtst\u00fcten, um ihnen den ungeliebten Dienst an den Weihnachtstagen etwas zu vers\u00fc\u00dfen. Diese Geste wurde von den Soldaten auch dankbar angenommen.<\/p><p>Seit ihrer Gr\u00fcndung 1949 versucht die Euskirchener Narrenzunft, auch wenn sie dabei in den vergangenen Jahrzehnten H\u00f6hen und Tiefen durchlebt hat, ihrem letztendlich in der Satzung verankerten Grundsatz treu zu bleiben, n\u00e4mlich als karnevalistisches Dienstleistungs- unternehmen ihren heute rund 300 Mitgliedern und ihren G\u00e4sten allzeit Freude und Frohsinn zu vermitteln.<\/p>\t\t\t\t\t\t\t\t<\/div>\n\t\t\t\t<\/div>\n\t\t<div class=\"elementor-element elementor-element-e17faef e-con-full e-flex e-con e-child\" data-id=\"e17faef\" data-element_type=\"container\" data-e-type=\"container\" data-settings=\"{&quot;background_background&quot;:&quot;classic&quot;}\">\n\t\t\t\t<div class=\"elementor-element elementor-element-6d90968 at-heading-animation at-animation-heading-none elementor-widget elementor-widget-elementskit-heading\" data-id=\"6d90968\" data-element_type=\"widget\" data-e-type=\"widget\" data-settings=\"{&quot;ekit_we_effect_on&quot;:&quot;none&quot;}\" data-widget_type=\"elementskit-heading.default\">\n\t\t\t\t\t<div class=\"ekit-wid-con\" ><div class=\"ekit-heading elementskit-section-title-wraper text_left   ekit_heading_tablet-   ekit_heading_mobile-\"><h2 class=\"ekit-heading--title elementskit-section-title \">Unsere <span><span>Gr\u00fcndungsurkunde<\/span><\/span><\/h2><\/div><\/div>\t\t\t\t<\/div>\n\t\t\t\t<div class=\"elementor-element elementor-element-904779b elementor-widget elementor-widget-image\" data-id=\"904779b\" data-element_type=\"widget\" data-e-type=\"widget\" data-settings=\"{&quot;ekit_we_effect_on&quot;:&quot;none&quot;}\" data-widget_type=\"image.default\">\n\t\t\t\t\t\t\t\t\t\t\t\t\t\t\t<img fetchpriority=\"high\" decoding=\"async\" width=\"608\" height=\"812\" src=\"https:\/\/eunz.de\/wp-content\/uploads\/2026\/01\/Grundungsurkunde.jpg\" class=\"attachment-large size-large wp-image-11544\" alt=\"\" srcset=\"https:\/\/eunz.de\/wp-content\/uploads\/2026\/01\/Grundungsurkunde.jpg 608w, https:\/\/eunz.de\/wp-content\/uploads\/2026\/01\/Grundungsurkunde-225x300.jpg 225w\" sizes=\"(max-width: 608px) 100vw, 608px\" \/>\t\t\t\t\t\t\t\t\t\t\t\t\t\t\t<\/div>\n\t\t\t\t<\/div>\n\t\t\t\t\t<\/div>\n\t\t\t\t<\/div>\n\t\t<div class=\"elementor-element elementor-element-23973b0 e-con-full e-flex e-con e-child\" data-id=\"23973b0\" data-element_type=\"container\" data-e-type=\"container\" data-settings=\"{&quot;background_background&quot;:&quot;classic&quot;}\">\n\t\t<div class=\"elementor-element elementor-element-df434f2 e-con-full e-flex e-con e-child\" data-id=\"df434f2\" data-element_type=\"container\" data-e-type=\"container\">\n\t\t\t\t<div class=\"elementor-element elementor-element-f33e5a1 at-heading-animation at-animation-heading-style-3 elementor-widget elementor-widget-heading\" data-id=\"f33e5a1\" data-element_type=\"widget\" data-e-type=\"widget\" data-settings=\"{&quot;ekit_we_effect_on&quot;:&quot;none&quot;}\" data-widget_type=\"heading.default\">\n\t\t\t\t\t<h2 class=\"elementor-heading-title elementor-size-default\">Historisches Dokument<\/h2>\t\t\t\t<\/div>\n\t\t\t\t<div class=\"elementor-element elementor-element-19b6e90 at-heading-animation at-animation-heading-none elementor-widget elementor-widget-heading\" data-id=\"19b6e90\" data-element_type=\"widget\" data-e-type=\"widget\" data-settings=\"{&quot;ekit_we_effect_on&quot;:&quot;none&quot;}\" data-widget_type=\"heading.default\">\n\t\t\t\t\t<h2 class=\"elementor-heading-title elementor-size-default\">Ein Blick zur\u00fcck auf den Rosenmontag und seine Geschichte, durch die Rosenmontagszeitung 1965<\/h2>\t\t\t\t<\/div>\n\t\t\t\t<div class=\"elementor-element elementor-element-9a3973e elementor-widget elementor-widget-pdf_smart_viewer\" data-id=\"9a3973e\" data-element_type=\"widget\" data-e-type=\"widget\" data-settings=\"{&quot;ekit_we_effect_on&quot;:&quot;none&quot;}\" data-widget_type=\"pdf_smart_viewer.default\">\n\t\t\t\t<div class=\"elementor-widget-container\">\n\t\t\t\t\t        <div class=\"epsv-container\" id=\"epsv-9a3973e\"\n            data-pdf-url=\"https:\/\/eunz.de\/wp-content\/uploads\/2026\/01\/Rosenmontagszeitung-1964-1965.pdf\"\n            data-widget-id=\"9a3973e\"\n            data-initial-zoom=\"1\"\n            data-show-zoom=\"true\"\n            data-show-fullscreen=\"true\"\n            data-show-download=\"true\"\n            data-show-print=\"true\"\n            data-show-page-info=\"true\">\n\n            <div class=\"epsv-viewer\">\n                <canvas class=\"epsv-canvas\"><\/canvas>\n                <div class=\"epsv-loading\">\n                    <div class=\"epsv-spinner\"><\/div>\n                    <p>Loading PDF...<\/p>\n                <\/div>\n                <div class=\"epsv-error\" style=\"display: none;\">\n                    <p>Error loading PDF. Please check the URL or file.<\/p>\n                <\/div>\n            <\/div>\n\n                            <div class=\"epsv-controls\">\n                    <div class=\"epsv-controls-left\">\n                        <button class=\"epsv-btn epsv-zoom-out\" title=\"Zoom Out\">\n                            <span class=\"epsv-icon\">\u2212<\/span>\n                        <\/button>\n                        <button class=\"epsv-btn epsv-zoom-in\" title=\"Zoom In\">\n                            <span class=\"epsv-icon\">+<\/span>\n                        <\/button>\n                    <\/div>\n                    <div class=\"epsv-controls-center\">\n                        <button class=\"epsv-btn epsv-prev\" title=\"Previous Page\">\n                            <span class=\"epsv-icon\">&#8592;<\/span>\n                        <\/button>\n                                                    <div class=\"epsv-page-info\">\n                                <span class=\"epsv-page-current\">1<\/span>\n                                <span class=\"epsv-page-separator\">\/<\/span>\n                                <span class=\"epsv-page-total\">1<\/span>\n                            <\/div>\n                                                <button class=\"epsv-btn epsv-next\" title=\"Next Page\">\n                            <span class=\"epsv-icon\">&#8594;<\/span>\n                        <\/button>\n                    <\/div>\n                    <div class=\"epsv-controls-right\">\n                                                    <button class=\"epsv-btn epsv-fullscreen\" title=\"Fullscreen\">\n                                <span class=\"epsv-icon\">\u26f6<\/span>\n                            <\/button>\n                                                                            <button class=\"epsv-btn epsv-download\" title=\"Download\">\n                                <span class=\"epsv-icon\">\u2193<\/span>\n                            <\/button>\n                                                                            <button class=\"epsv-btn epsv-print\" title=\"Print\">\n                                <span class=\"epsv-icon\">\ud83d\udda8<\/span>\n                            <\/button>\n                                            <\/div>\n                <\/div>\n                    <\/div>\n        \t\t\t\t<\/div>\n\t\t\t\t<\/div>\n\t\t\t\t<\/div>\n\t\t\t\t<\/div>\n\t\t\t\t\t<\/div>\n\t\t\t\t<\/div>\n\t\t\t\t<\/div>\n\t\t","protected":false},"excerpt":{"rendered":"<p>Historie Unsere Geschichte Die Euskirchener Narrenzunft wurde 1949 gegr\u00fcndet und ist eine [&hellip;]<\/p>\n","protected":false},"author":1,"featured_media":0,"parent":0,"menu_order":0,"comment_status":"closed","ping_status":"closed","template":"elementor_header_footer","meta":{"footnotes":""},"class_list":["post-11542","page","type-page","status-publish","hentry"],"_links":{"self":[{"href":"https:\/\/eunz.de\/index.php?rest_route=\/wp\/v2\/pages\/11542","targetHints":{"allow":["GET"]}}],"collection":[{"href":"https:\/\/eunz.de\/index.php?rest_route=\/wp\/v2\/pages"}],"about":[{"href":"https:\/\/eunz.de\/index.php?rest_route=\/wp\/v2\/types\/page"}],"author":[{"embeddable":true,"href":"https:\/\/eunz.de\/index.php?rest_route=\/wp\/v2\/users\/1"}],"replies":[{"embeddable":true,"href":"https:\/\/eunz.de\/index.php?rest_route=%2Fwp%2Fv2%2Fcomments&post=11542"}],"version-history":[{"count":40,"href":"https:\/\/eunz.de\/index.php?rest_route=\/wp\/v2\/pages\/11542\/revisions"}],"predecessor-version":[{"id":12463,"href":"https:\/\/eunz.de\/index.php?rest_route=\/wp\/v2\/pages\/11542\/revisions\/12463"}],"wp:attachment":[{"href":"https:\/\/eunz.de\/index.php?rest_route=%2Fwp%2Fv2%2Fmedia&parent=11542"}],"curies":[{"name":"wp","href":"https:\/\/api.w.org\/{rel}","templated":true}]}}