{"id":11591,"date":"2026-01-06T13:07:02","date_gmt":"2026-01-06T13:07:02","guid":{"rendered":"https:\/\/eunz.de\/?page_id=11591"},"modified":"2026-02-03T12:00:10","modified_gmt":"2026-02-03T11:00:10","slug":"kadetten-corps","status":"publish","type":"page","link":"https:\/\/eunz.de\/?page_id=11591","title":{"rendered":"Kadettencorps"},"content":{"rendered":"\t\t<div data-elementor-type=\"wp-page\" data-elementor-id=\"11591\" class=\"elementor elementor-11591\">\n\t\t\t\t<div class=\"elementor-element elementor-element-abd2bb7 e-flex e-con-boxed e-con e-parent\" data-id=\"abd2bb7\" data-element_type=\"container\" data-e-type=\"container\">\n\t\t\t\t\t<div class=\"e-con-inner\">\n\t\t<div data-ekitparallax=\"{&quot;ekit_section_parallax_bg&quot;:&quot;yes&quot;,&quot;ekit_section_parallax_bg_speed&quot;:0.5,&quot;elementor_lazy_load&quot;:&quot;1&quot;}\" class=\"elementor-element elementor-element-7ee3677 e-flex e-con-boxed e-con e-child\" data-id=\"7ee3677\" data-element_type=\"container\" data-e-type=\"container\" data-settings=\"{&quot;background_background&quot;:&quot;classic&quot;}\">\n\t\t\t\t\t<div class=\"e-con-inner\">\n\t\t<div class=\"elementor-element elementor-element-35479dc e-con-full e-flex e-con e-child\" data-id=\"35479dc\" data-element_type=\"container\" data-e-type=\"container\">\n\t\t\t\t<div class=\"elementor-element elementor-element-4bb51a0 at-heading-animation at-animation-heading-style-3 elementor-widget elementor-widget-heading\" data-id=\"4bb51a0\" data-element_type=\"widget\" data-e-type=\"widget\" data-settings=\"{&quot;ekit_we_effect_on&quot;:&quot;none&quot;}\" data-widget_type=\"heading.default\">\n\t\t\t\t\t<h1 class=\"elementor-heading-title elementor-size-default\">Kadettencorps<\/h1>\t\t\t\t<\/div>\n\t\t\t\t<\/div>\n\t\t\t\t\t<\/div>\n\t\t\t\t<\/div>\n\t\t\t\t\t<\/div>\n\t\t\t\t<\/div>\n\t\t<div class=\"elementor-element elementor-element-37e9199 e-flex e-con-boxed e-con e-parent\" data-id=\"37e9199\" data-element_type=\"container\" data-e-type=\"container\">\n\t\t\t\t\t<div class=\"e-con-inner\">\n\t\t<div class=\"elementor-element elementor-element-ef35132 e-flex e-con-boxed e-con e-child\" data-id=\"ef35132\" data-element_type=\"container\" data-e-type=\"container\" data-settings=\"{&quot;background_background&quot;:&quot;classic&quot;}\">\n\t\t\t\t\t<div class=\"e-con-inner\">\n\t\t<div class=\"elementor-element elementor-element-edccbe6 e-con-full e-flex e-con e-child\" data-id=\"edccbe6\" data-element_type=\"container\" data-e-type=\"container\">\n\t\t\t\t<div class=\"elementor-element elementor-element-4a75a7a at-image-animation at-animation-image-none at-none elementor-widget elementor-widget-image\" data-id=\"4a75a7a\" data-element_type=\"widget\" data-e-type=\"widget\" data-settings=\"{&quot;ekit_we_effect_on&quot;:&quot;none&quot;}\" data-widget_type=\"image.default\">\n\t\t\t\t\t\t\t\t\t\t\t\t\t\t\t<img decoding=\"async\" src=\"https:\/\/eunz.de\/wp-content\/uploads\/elementor\/thumbs\/Kadetencorps_Logo-ri2oklbfaehv018rt7h9w89bc3cd325ezcklbw7qww.png\" title=\"Kadetencorps_Logo\" alt=\"Kadetencorps_Logo\" loading=\"lazy\" \/>\t\t\t\t\t\t\t\t\t\t\t\t\t\t\t<\/div>\n\t\t\t\t<div class=\"elementor-element elementor-element-39afb6e elementor-invisible elementor-widget elementor-widget-text-editor\" data-id=\"39afb6e\" data-element_type=\"widget\" data-e-type=\"widget\" data-settings=\"{&quot;_animation&quot;:&quot;fadeInUp&quot;,&quot;_animation_delay&quot;:100,&quot;ekit_we_effect_on&quot;:&quot;none&quot;}\" data-widget_type=\"text-editor.default\">\n\t\t\t\t\t\t\t\t\t<div class=\"section-title\"><p>Unser Kadettencorps, als Kinder- und Jugendcorps, verbindet Tradition, Teamgeist und jede Menge Spa\u00df!<\/p><p>Zu uns geh\u00f6ren die <strong>Kadetten<\/strong> \u2013 eine Gruppe Jungs ab 8 Jahre, die traditionelle M\u00e4rsche mit modernen Elementen neu interpretieren. In Ihren Uniformen mit S\u00e4beln bringen sie eine einzigartige Mischung aus Tradition und Moderne auf die B\u00fchne. Zurzeit besteht die Truppe aus 6 tollen Jungs.<\/p><p>Ebenso beeindruckend ist unser <strong>Solomariechen<\/strong>, welches mit Tanz, Akrobatik und Ausstrahlung das Publikum begeistert.<\/p><p><strong>Was uns besonders macht? Der Zusammenhalt!<\/strong><\/p><p>Neben dem w\u00f6chentlichen Training am Donnerstag stehen regelm\u00e4\u00dfige Ausfl\u00fcge oder gemeinsame Events auf dem Programm \u2013 bei uns z\u00e4hlt das Miteinander genauso wie die Leidenschaft f\u00fcr den Euskirchener Karneval.<\/p><p>Wir freuen uns immer \u00fcber neue Gesichter \u2013 Komm vorbei und werde ein Teil unseres Corps!<\/p><p><strong>Wir haben dein Interesse geweckt?<\/strong> Dann kannst du dich gerne, oder deine Eltern, bei uns unter folgender E-Mail-Adresse melden: <a href=\"mailto:Kadettencorps@eunz.de\"><strong>Kadettencorps@eunz.de<\/strong><\/a><\/p><p>Trainerin: Antonia Neugebauer<\/p><p>Leiterin: Bea Weber<\/p><\/div>\t\t\t\t\t\t\t\t<\/div>\n\t\t\t\t<\/div>\n\t\t<div class=\"elementor-element elementor-element-f3956d6 e-con-full e-flex e-con e-child\" data-id=\"f3956d6\" data-element_type=\"container\" data-e-type=\"container\">\n\t\t\t\t<div class=\"elementor-element elementor-element-a4c917d elementor-widget__width-initial elementor-widget elementor-widget-ucaddon_uc_carousel_image\" data-id=\"a4c917d\" data-element_type=\"widget\" data-e-type=\"widget\" data-settings=\"{&quot;ekit_we_effect_on&quot;:&quot;none&quot;}\" data-widget_type=\"ucaddon_uc_carousel_image.default\">\n\t\t\t\t<div class=\"elementor-widget-container\">\n\t\t\t\t\t\n<!-- start Carousel Gallery -->\n\t\t<link id='font-awesome-css' href='https:\/\/eunz.de\/wp-content\/plugins\/unlimited-elements-for-elementor\/assets_libraries\/font-awesome6\/fontawesome-all.min.css' type='text\/css' rel='stylesheet' >\n\t\t<link id='font-awesome-4-shim-css' href='https:\/\/eunz.de\/wp-content\/plugins\/unlimited-elements-for-elementor\/assets_libraries\/font-awesome6\/fontawesome-v4-shims.min.css' type='text\/css' rel='stylesheet' >\n\t\t<link id='unitegallery-css' href='https:\/\/eunz.de\/wp-content\/plugins\/unlimited-elements-for-elementor\/assets_libraries\/unitegallery\/css\/unite-gallery.css' type='text\/css' rel='stylesheet' >\n\n<style>\/* widget: Carousel Gallery *\/\n\n#uc_uc_carousel_image_elementor_a4c917d-wrapper{\n  min-height: 1px;\n}\n\n#uc_uc_carousel_image_elementor_a4c917d{  \n  margin:0 auto;\n  direction:;\n  display: none;  \n}\n\n\n#uc_uc_carousel_image_elementor_a4c917d .ug-button-tile-play .ug-button-tile-pause-icon{\n  display: none;\n}\n\n#uc_uc_carousel_image_elementor_a4c917d .ug-pause-icon .ug-button-tile-pause-icon{\n  display: flex !important;\n}\n\n<\/style>\n\n<div id=\"uc_uc_carousel_image_elementor_a4c917d-wrapper\">\n  <div id=\"uc_uc_carousel_image_elementor_a4c917d\" class=\"uc-items-wrapper\" data-custom-sethtml=\"true\" >\n    \n<img decoding=\"async\" alt=\"PHOTO-2025-11-15-17-57-03\"\n   src=\"https:\/\/eunz.de\/wp-content\/uploads\/2026\/01\/PHOTO-2025-11-15-17-57-03-768x1151.jpg\"\n    data-image=\"https:\/\/eunz.de\/wp-content\/uploads\/2026\/01\/PHOTO-2025-11-15-17-57-03-684x1024.jpg\"\n    data-title=\"PHOTO-2025-11-15-17-57-03\">\n\n<img decoding=\"async\" alt=\"PHOTO-2025-11-15-17-57-04\"\n   src=\"https:\/\/eunz.de\/wp-content\/uploads\/2026\/01\/PHOTO-2025-11-15-17-57-04-768x513.jpg\"\n    data-image=\"https:\/\/eunz.de\/wp-content\/uploads\/2026\/01\/PHOTO-2025-11-15-17-57-04-1024x684.jpg\"\n    data-title=\"PHOTO-2025-11-15-17-57-04\">\n\n<img decoding=\"async\" alt=\"PHOTO-2025-11-15-17-56-56\"\n   src=\"https:\/\/eunz.de\/wp-content\/uploads\/2026\/01\/PHOTO-2025-11-15-17-56-56-768x1151.jpg\"\n    data-image=\"https:\/\/eunz.de\/wp-content\/uploads\/2026\/01\/PHOTO-2025-11-15-17-56-56-684x1024.jpg\"\n    data-title=\"PHOTO-2025-11-15-17-56-56\">\n\n<img decoding=\"async\" alt=\"PHOTO-2025-11-15-17-57-02 (1)\"\n   src=\"https:\/\/eunz.de\/wp-content\/uploads\/2026\/01\/PHOTO-2025-11-15-17-57-02-1-768x1225.jpg\"\n    data-image=\"https:\/\/eunz.de\/wp-content\/uploads\/2026\/01\/PHOTO-2025-11-15-17-57-02-1-642x1024.jpg\"\n    data-title=\"PHOTO-2025-11-15-17-57-02 (1)\">\n\n<img decoding=\"async\" alt=\"PHOTO-2025-11-15-17-57-02\"\n   src=\"https:\/\/eunz.de\/wp-content\/uploads\/2026\/01\/PHOTO-2025-11-15-17-57-02-768x512.jpg\"\n    data-image=\"https:\/\/eunz.de\/wp-content\/uploads\/2026\/01\/PHOTO-2025-11-15-17-57-02-1024x682.jpg\"\n    data-title=\"PHOTO-2025-11-15-17-57-02\">\n  \n  <\/div>\n<\/div>\n<!-- end Carousel Gallery -->\t\t\t\t<\/div>\n\t\t\t\t<\/div>\n\t\t\t\t<\/div>\n\t\t\t\t\t<\/div>\n\t\t\t\t<\/div>\n\t\t\t\t\t<\/div>\n\t\t\t\t<\/div>\n\t\t\t\t<\/div>\n\t\t","protected":false},"excerpt":{"rendered":"<p>Kadettencorps Unser Kadettencorps, als Kinder- und Jugendcorps, verbindet Tradition, Teamgeist und jede [&hellip;]<\/p>\n","protected":false},"author":1,"featured_media":0,"parent":2023,"menu_order":0,"comment_status":"closed","ping_status":"closed","template":"elementor_header_footer","meta":{"footnotes":""},"class_list":["post-11591","page","type-page","status-publish","hentry"],"_links":{"self":[{"href":"https:\/\/eunz.de\/index.php?rest_route=\/wp\/v2\/pages\/11591","targetHints":{"allow":["GET"]}}],"collection":[{"href":"https:\/\/eunz.de\/index.php?rest_route=\/wp\/v2\/pages"}],"about":[{"href":"https:\/\/eunz.de\/index.php?rest_route=\/wp\/v2\/types\/page"}],"author":[{"embeddable":true,"href":"https:\/\/eunz.de\/index.php?rest_route=\/wp\/v2\/users\/1"}],"replies":[{"embeddable":true,"href":"https:\/\/eunz.de\/index.php?rest_route=%2Fwp%2Fv2%2Fcomments&post=11591"}],"version-history":[{"count":23,"href":"https:\/\/eunz.de\/index.php?rest_route=\/wp\/v2\/pages\/11591\/revisions"}],"predecessor-version":[{"id":12539,"href":"https:\/\/eunz.de\/index.php?rest_route=\/wp\/v2\/pages\/11591\/revisions\/12539"}],"up":[{"embeddable":true,"href":"https:\/\/eunz.de\/index.php?rest_route=\/wp\/v2\/pages\/2023"}],"wp:attachment":[{"href":"https:\/\/eunz.de\/index.php?rest_route=%2Fwp%2Fv2%2Fmedia&parent=11591"}],"curies":[{"name":"wp","href":"https:\/\/api.w.org\/{rel}","templated":true}]}}